{"id":1382,"date":"2022-09-08T16:42:58","date_gmt":"2022-09-08T16:42:58","guid":{"rendered":"https:\/\/wptf.themepul.co\/rezilla\/?page_id=1382"},"modified":"2024-02-28T18:21:32","modified_gmt":"2024-02-28T18:21:32","slug":"list-left","status":"publish","type":"page","link":"https:\/\/medtherapysystem.com.br\/index.php\/list-left\/","title":{"rendered":"List Left"},"content":{"rendered":"\t\t<div data-elementor-type=\"wp-page\" data-elementor-id=\"1382\" class=\"elementor elementor-1382\" data-elementor-post-type=\"page\">\n\t\t\t\t\t\t\t\t\t<section class=\"elementor-section elementor-top-section elementor-element elementor-element-b5de4ef elementor-section-boxed elementor-section-height-default elementor-section-height-default\" data-id=\"b5de4ef\" data-element_type=\"section\">\n\t\t\t\t\t\t<div class=\"elementor-container elementor-column-gap-default\">\n\t\t\t\t\t<div class=\"elementor-column elementor-col-100 elementor-top-column elementor-element elementor-element-8651812\" data-id=\"8651812\" data-element_type=\"column\">\n\t\t\t<div class=\"elementor-widget-wrap elementor-element-populated\">\n\t\t\t\t\t\t\t\t<div class=\"elementor-element elementor-element-7e17a2c elementor-widget elementor-widget-rezilla_blog\" data-id=\"7e17a2c\" data-element_type=\"widget\" data-widget_type=\"rezilla_blog.default\">\n\t\t\t\t<div class=\"elementor-widget-container\">\n\t\t\t        <div class=\"rezilla-blog-post-wrapper style-one\">\n            <div class=\"rezilla-blog-post-box\">\n                <div class=\"row \">\n                                        <div class=\"col-12 col-sm-12 col-md-6 col-lg-12\">\n                        <div class=\"rezilla-blog-post-item\">\n                                                        <div class=\"rezilla-blog-post-img\">\n                                <img fetchpriority=\"high\" decoding=\"async\" width=\"850\" height=\"550\" src=\"https:\/\/medtherapysystem.com.br\/wp-content\/uploads\/2024\/02\/Gestao-de-Salas-e-Profissionais.jpg\" class=\"img-responsive wp-post-image\" alt=\"\" srcset=\"https:\/\/medtherapysystem.com.br\/wp-content\/uploads\/2024\/02\/Gestao-de-Salas-e-Profissionais.jpg 850w, https:\/\/medtherapysystem.com.br\/wp-content\/uploads\/2024\/02\/Gestao-de-Salas-e-Profissionais-300x194.jpg 300w, https:\/\/medtherapysystem.com.br\/wp-content\/uploads\/2024\/02\/Gestao-de-Salas-e-Profissionais-768x497.jpg 768w\" sizes=\"(max-width: 850px) 100vw, 850px\" \/>                            <\/div>\n                                                        <div class=\"rezilla-blog-post-content\">\n                                <div class=\"rezilla-blog-top-area\">\n                                    <div class=\"post-meta-item\">\n                                        <ul>\n                                            <li class=\"postby\"><i class=\"bi bi-person\"><\/i>By<span class=\"byline\"><span class=\"author vcard\"><a class=\"url fn n\" href=\"https:\/\/medtherapysystem.com.br\/index.php\/author\/oswaldo\/\">oswaldo<\/a><\/span><\/span><\/li>\n                                            <li><i class=\"bi bi-calendar-date\"><\/i><span class=\"posted-on\"><a href=\"https:\/\/medtherapysystem.com.br\/index.php\/2024\/02\/29\/atualizacao-01\/\" rel=\"bookmark\"><time class=\"entry-date published updated\" datetime=\"2024-02-29T18:41:47+00:00\">29 de February, 2024<\/time><\/a><\/span><\/li>\n                                                                                    <\/ul>\n                                    <\/div>\n                                    <div class=\"rezilla-blog-post-title\">\n                                        <a href=\"https:\/\/medtherapysystem.com.br\/index.php\/2024\/02\/29\/atualizacao-01\/\">Gest\u00e3o de Salas e Profissionais<\/a>\n                                    <\/div>\n                                                                        <div class=\"rezilla-post-dec\">\n                                        <P>Voc\u00ea provavelmente j\u00e1 se deparou com a necessidade de perder momentos importantes do seu dia de trabalho para planejar e adequar a agenda das salas&hellip;<\/P>\n                                    <\/div>\n                                                                                                            <div class=\"blog-buttons\">\n                                        <a href=\"https:\/\/medtherapysystem.com.br\/index.php\/2024\/02\/29\/atualizacao-01\/\" class=\"theme-btns\">Read More<\/a>\n                                    <\/div>\n                                                                    <\/div>\n                            <\/div>\n                        <\/div>\n                    <\/div>\n                                        <div class=\"col-12 col-sm-12 col-md-6 col-lg-12\">\n                        <div class=\"rezilla-blog-post-item\">\n                                                        <div class=\"rezilla-blog-post-img\">\n                                <img decoding=\"async\" width=\"850\" height=\"550\" src=\"https:\/\/medtherapysystem.com.br\/wp-content\/uploads\/2024\/03\/Vantagens-do-Prontuario-Eletronico.jpg\" class=\"img-responsive wp-post-image\" alt=\"\" srcset=\"https:\/\/medtherapysystem.com.br\/wp-content\/uploads\/2024\/03\/Vantagens-do-Prontuario-Eletronico.jpg 850w, https:\/\/medtherapysystem.com.br\/wp-content\/uploads\/2024\/03\/Vantagens-do-Prontuario-Eletronico-300x194.jpg 300w, https:\/\/medtherapysystem.com.br\/wp-content\/uploads\/2024\/03\/Vantagens-do-Prontuario-Eletronico-768x497.jpg 768w\" sizes=\"(max-width: 850px) 100vw, 850px\" \/>                            <\/div>\n                                                        <div class=\"rezilla-blog-post-content\">\n                                <div class=\"rezilla-blog-top-area\">\n                                    <div class=\"post-meta-item\">\n                                        <ul>\n                                            <li class=\"postby\"><i class=\"bi bi-person\"><\/i>By<span class=\"byline\"><span class=\"author vcard\"><a class=\"url fn n\" href=\"https:\/\/medtherapysystem.com.br\/index.php\/author\/oswaldo\/\">oswaldo<\/a><\/span><\/span><\/li>\n                                            <li><i class=\"bi bi-calendar-date\"><\/i><span class=\"posted-on\"><a href=\"https:\/\/medtherapysystem.com.br\/index.php\/2024\/03\/05\/vantagens-do-prontuario-eletronico\/\" rel=\"bookmark\"><time class=\"entry-date published updated\" datetime=\"2024-03-05T15:45:05+00:00\">5 de March, 2024<\/time><\/a><\/span><\/li>\n                                                                                    <\/ul>\n                                    <\/div>\n                                    <div class=\"rezilla-blog-post-title\">\n                                        <a href=\"https:\/\/medtherapysystem.com.br\/index.php\/2024\/03\/05\/vantagens-do-prontuario-eletronico\/\">Vantagens do Prontu\u00e1rio Eletr\u00f4nico<\/a>\n                                    <\/div>\n                                                                        <div class=\"rezilla-post-dec\">\n                                        <P>Preencher prontu\u00e1rios em um papel parece uma ideia muito comum em diversos espa\u00e7os de atendimento como UPA, cl\u00ednicas populares entre outros estabelecimentos, todavia, se contarmos&hellip;<\/P>\n                                    <\/div>\n                                                                                                            <div class=\"blog-buttons\">\n                                        <a href=\"https:\/\/medtherapysystem.com.br\/index.php\/2024\/03\/05\/vantagens-do-prontuario-eletronico\/\" class=\"theme-btns\">Read More<\/a>\n                                    <\/div>\n                                                                    <\/div>\n                            <\/div>\n                        <\/div>\n                    <\/div>\n                                        <div class=\"col-12 col-sm-12 col-md-6 col-lg-12\">\n                        <div class=\"rezilla-blog-post-item\">\n                                                        <div class=\"rezilla-blog-post-img\">\n                                <img decoding=\"async\" width=\"850\" height=\"550\" src=\"https:\/\/medtherapysystem.com.br\/wp-content\/uploads\/2024\/03\/Principais-Vantagens-de-Decidir-por-um-BI.jpg\" class=\"img-responsive wp-post-image\" alt=\"\" srcset=\"https:\/\/medtherapysystem.com.br\/wp-content\/uploads\/2024\/03\/Principais-Vantagens-de-Decidir-por-um-BI.jpg 850w, https:\/\/medtherapysystem.com.br\/wp-content\/uploads\/2024\/03\/Principais-Vantagens-de-Decidir-por-um-BI-300x194.jpg 300w, https:\/\/medtherapysystem.com.br\/wp-content\/uploads\/2024\/03\/Principais-Vantagens-de-Decidir-por-um-BI-768x497.jpg 768w\" sizes=\"(max-width: 850px) 100vw, 850px\" \/>                            <\/div>\n                                                        <div class=\"rezilla-blog-post-content\">\n                                <div class=\"rezilla-blog-top-area\">\n                                    <div class=\"post-meta-item\">\n                                        <ul>\n                                            <li class=\"postby\"><i class=\"bi bi-person\"><\/i>By<span class=\"byline\"><span class=\"author vcard\"><a class=\"url fn n\" href=\"https:\/\/medtherapysystem.com.br\/index.php\/author\/oswaldo\/\">oswaldo<\/a><\/span><\/span><\/li>\n                                            <li><i class=\"bi bi-calendar-date\"><\/i><span class=\"posted-on\"><a href=\"https:\/\/medtherapysystem.com.br\/index.php\/2024\/03\/05\/principais-vantagens-de-decidir-por-um-bi-business-inteligence\/\" rel=\"bookmark\"><time class=\"entry-date published updated\" datetime=\"2024-03-05T15:45:45+00:00\">5 de March, 2024<\/time><\/a><\/span><\/li>\n                                                                                    <\/ul>\n                                    <\/div>\n                                    <div class=\"rezilla-blog-post-title\">\n                                        <a href=\"https:\/\/medtherapysystem.com.br\/index.php\/2024\/03\/05\/principais-vantagens-de-decidir-por-um-bi-business-inteligence\/\">Principais Vantagens de Decidir por um BI (Business Inteligence)<\/a>\n                                    <\/div>\n                                                                        <div class=\"rezilla-post-dec\">\n                                        <P>Ap\u00f3s um cen\u00e1rio ainda presente de pandemia, o setor de sa\u00fade sentiu a necessidade de se expandir em decorr\u00eancia da alta demanda provocada pela calamidade&hellip;<\/P>\n                                    <\/div>\n                                                                                                            <div class=\"blog-buttons\">\n                                        <a href=\"https:\/\/medtherapysystem.com.br\/index.php\/2024\/03\/05\/principais-vantagens-de-decidir-por-um-bi-business-inteligence\/\" class=\"theme-btns\">Read More<\/a>\n                                    <\/div>\n                                                                    <\/div>\n                            <\/div>\n                        <\/div>\n                    <\/div>\n                                                                                <\/div>\n            <\/div>\n        <\/div>\n        \t\t<\/div>\n\t\t\t\t<\/div>\n\t\t\t\t\t<\/div>\n\t\t<\/div>\n\t\t\t\t\t\t\t<\/div>\n\t\t<\/section>\n\t\t\t\t\t\t\t<\/div>\n\t\t","protected":false},"excerpt":{"rendered":"<p>ByRezilla August 18, 2022 How to build the Best IT Solutions Company USA in 2022 There are many variations of passages of Lorem Ipsum available, but the majority have Cian in some form, by injected humor or randomized words which&hellip; Read More ByRezilla August 18, 2022 Consulting Report in Business Group of people There are [&hellip;]<\/p>\n","protected":false},"author":1,"featured_media":0,"parent":0,"menu_order":0,"comment_status":"closed","ping_status":"closed","template":"","meta":{"footnotes":"","_joinchat":[]},"_links":{"self":[{"href":"https:\/\/medtherapysystem.com.br\/index.php\/wp-json\/wp\/v2\/pages\/1382"}],"collection":[{"href":"https:\/\/medtherapysystem.com.br\/index.php\/wp-json\/wp\/v2\/pages"}],"about":[{"href":"https:\/\/medtherapysystem.com.br\/index.php\/wp-json\/wp\/v2\/types\/page"}],"author":[{"embeddable":true,"href":"https:\/\/medtherapysystem.com.br\/index.php\/wp-json\/wp\/v2\/users\/1"}],"replies":[{"embeddable":true,"href":"https:\/\/medtherapysystem.com.br\/index.php\/wp-json\/wp\/v2\/comments?post=1382"}],"version-history":[{"count":1,"href":"https:\/\/medtherapysystem.com.br\/index.php\/wp-json\/wp\/v2\/pages\/1382\/revisions"}],"predecessor-version":[{"id":2215,"href":"https:\/\/medtherapysystem.com.br\/index.php\/wp-json\/wp\/v2\/pages\/1382\/revisions\/2215"}],"wp:attachment":[{"href":"https:\/\/medtherapysystem.com.br\/index.php\/wp-json\/wp\/v2\/media?parent=1382"}],"curies":[{"name":"wp","href":"https:\/\/api.w.org\/{rel}","templated":true}]}}